{"id":21656,"date":"2025-01-16T19:43:43","date_gmt":"2025-01-16T17:43:43","guid":{"rendered":"https:\/\/lesclandestines.libredo.com\/?post_type=product&#038;p=21656"},"modified":"2025-11-17T12:10:57","modified_gmt":"2025-11-17T10:10:57","slug":"4-llupols-caixa-de-12-ampolles","status":"publish","type":"product","link":"https:\/\/lesclandestines.cat\/es\/product\/4-llupols-caixa-de-12-ampolles\/","title":{"rendered":"4 ll\u00fapols (caixa de 12 ampolles)"},"content":{"rendered":"","protected":false},"excerpt":{"rendered":"<h4>AMERICAN PALE ALE<\/h4>\n<p>Si ets un amant del ll\u00fapol, no te la perdis!<br \/>\nAPA<br \/>\nUna American Pale Ale, lleugera i afruitada, on hi destaquen els aromes i gustos de fruita c\u00edtrica i tropical provinents dels ll\u00fapols utilitzats: Cascade, Simcoe, Mosaic i Citra; sense deixar de banda el perfil del malt.<\/p>\n<blockquote><p>Alc. 5 % \/\/ Ebu 35\/\/ Srm 6<br \/>\nMalta: pale ale, munich, caramalt, blat.<br \/>\nLl\u00fapols: Cascade, Citra, Mosaic i Simcoe<br \/>\nServir entre 8\u00ba i 12\u00baC<\/p><\/blockquote>\n<p><strong>Caixa de 12 ampolles de 33 cl.<\/strong><br \/>\n<strong>Per comandes fora de Catalunya consulteu tarifes per correu electr\u00f2nic.<\/strong><br \/>\n<strong>Les comandes son enviades tots els dimecres i s\u2019entreguen en 48h.<\/strong><\/p>\n","protected":false},"featured_media":21723,"comment_status":"closed","ping_status":"closed","template":"","meta":{"_et_pb_use_builder":"","_et_pb_old_content":"","_et_gb_content_width":""},"product_brand":[],"product_cat":[28],"product_tag":[],"class_list":{"0":"post-21656","1":"product","2":"type-product","3":"status-publish","4":"has-post-thumbnail","6":"product_cat-cerveses","8":"first","9":"instock","10":"taxable","11":"shipping-taxable","12":"purchasable","13":"product-type-simple"},"yoast_head":"<!-- This site is optimized with the Yoast SEO plugin v27.5 - https:\/\/yoast.com\/product\/yoast-seo-wordpress\/ -->\n<title>4 ll\u00fapols (caixa de 12 ampolles) - Les Clandestines de Montferri<\/title>\n<meta name=\"robots\" content=\"index, follow, max-snippet:-1, max-image-preview:large, max-video-preview:-1\" \/>\n<link rel=\"canonical\" href=\"https:\/\/lesclandestines.cat\/es\/product\/4-llupols-caixa-de-12-ampolles\/\" \/>\n<meta property=\"og:locale\" content=\"es_ES\" \/>\n<meta property=\"og:type\" content=\"article\" \/>\n<meta property=\"og:title\" content=\"4 ll\u00fapols (caixa de 12 ampolles) - Les Clandestines de Montferri\" \/>\n<meta property=\"og:description\" content=\"AMERICAN PALE ALE Si ets un amant del ll\u00fapol, no te la perdis! APA Una American Pale Ale, lleugera i afruitada, on hi destaquen els aromes i gustos de fruita c\u00edtrica i tropical provinents dels ll\u00fapols utilitzats: Cascade, Simcoe, Mosaic i Citra; sense deixar de banda el perfil del malt. Alc. 5 % \/\/ Ebu 35\/\/ Srm 6 Malta: pale ale, munich, caramalt, blat. Ll\u00fapols: Cascade, Citra, Mosaic i Simcoe Servir entre 8\u00ba i 12\u00baC Caixa de 12 ampolles de 33 cl. Per comandes fora de Catalunya consulteu tarifes per correu electr\u00f2nic. Les comandes son enviades tots els dimecres i s\u2019entreguen en 48h.\" \/>\n<meta property=\"og:url\" content=\"https:\/\/lesclandestines.cat\/es\/product\/4-llupols-caixa-de-12-ampolles\/\" \/>\n<meta property=\"og:site_name\" content=\"Les Clandestines de Montferri\" \/>\n<meta property=\"article:modified_time\" content=\"2025-11-17T10:10:57+00:00\" \/>\n<meta property=\"og:image\" content=\"https:\/\/lesclandestines.cat\/wp-content\/uploads\/2025\/01\/4_Llupols_33cl-scaled.jpg\" \/>\n\t<meta property=\"og:image:width\" content=\"1707\" \/>\n\t<meta property=\"og:image:height\" content=\"2560\" \/>\n\t<meta property=\"og:image:type\" content=\"image\/jpeg\" \/>\n<meta name=\"twitter:card\" content=\"summary_large_image\" \/>\n<meta name=\"twitter:label1\" content=\"Tiempo de lectura\" \/>\n\t<meta name=\"twitter:data1\" content=\"1 minuto\" \/>\n<script type=\"application\/ld+json\" class=\"yoast-schema-graph\">{\"@context\":\"https:\\\/\\\/schema.org\",\"@graph\":[{\"@type\":\"WebPage\",\"@id\":\"https:\\\/\\\/lesclandestines.cat\\\/es\\\/product\\\/4-llupols-caixa-de-12-ampolles\\\/\",\"url\":\"https:\\\/\\\/lesclandestines.cat\\\/es\\\/product\\\/4-llupols-caixa-de-12-ampolles\\\/\",\"name\":\"4 ll\u00fapols (caixa de 12 ampolles) - Les Clandestines de Montferri\",\"isPartOf\":{\"@id\":\"https:\\\/\\\/lesclandestines.cat\\\/es\\\/#website\"},\"primaryImageOfPage\":{\"@id\":\"https:\\\/\\\/lesclandestines.cat\\\/es\\\/product\\\/4-llupols-caixa-de-12-ampolles\\\/#primaryimage\"},\"image\":{\"@id\":\"https:\\\/\\\/lesclandestines.cat\\\/es\\\/product\\\/4-llupols-caixa-de-12-ampolles\\\/#primaryimage\"},\"thumbnailUrl\":\"https:\\\/\\\/lesclandestines.cat\\\/wp-content\\\/uploads\\\/2025\\\/01\\\/4_Llupols_33cl-scaled.jpg\",\"datePublished\":\"2025-01-16T17:43:43+00:00\",\"dateModified\":\"2025-11-17T10:10:57+00:00\",\"breadcrumb\":{\"@id\":\"https:\\\/\\\/lesclandestines.cat\\\/es\\\/product\\\/4-llupols-caixa-de-12-ampolles\\\/#breadcrumb\"},\"inLanguage\":\"es\",\"potentialAction\":[{\"@type\":\"ReadAction\",\"target\":[\"https:\\\/\\\/lesclandestines.cat\\\/es\\\/product\\\/4-llupols-caixa-de-12-ampolles\\\/\"]}]},{\"@type\":\"ImageObject\",\"inLanguage\":\"es\",\"@id\":\"https:\\\/\\\/lesclandestines.cat\\\/es\\\/product\\\/4-llupols-caixa-de-12-ampolles\\\/#primaryimage\",\"url\":\"https:\\\/\\\/lesclandestines.cat\\\/wp-content\\\/uploads\\\/2025\\\/01\\\/4_Llupols_33cl-scaled.jpg\",\"contentUrl\":\"https:\\\/\\\/lesclandestines.cat\\\/wp-content\\\/uploads\\\/2025\\\/01\\\/4_Llupols_33cl-scaled.jpg\",\"width\":1707,\"height\":2560},{\"@type\":\"BreadcrumbList\",\"@id\":\"https:\\\/\\\/lesclandestines.cat\\\/es\\\/product\\\/4-llupols-caixa-de-12-ampolles\\\/#breadcrumb\",\"itemListElement\":[{\"@type\":\"ListItem\",\"position\":1,\"name\":\"Home\",\"item\":\"https:\\\/\\\/lesclandestines.cat\\\/es\\\/\"},{\"@type\":\"ListItem\",\"position\":2,\"name\":\"Tienda\",\"item\":\"https:\\\/\\\/lesclandestines.cat\\\/botiga\\\/\"},{\"@type\":\"ListItem\",\"position\":3,\"name\":\"4 ll\u00fapols (caixa de 12 ampolles)\"}]},{\"@type\":\"WebSite\",\"@id\":\"https:\\\/\\\/lesclandestines.cat\\\/es\\\/#website\",\"url\":\"https:\\\/\\\/lesclandestines.cat\\\/es\\\/\",\"name\":\"Les Clandestines de Montferri\",\"description\":\"\",\"potentialAction\":[{\"@type\":\"SearchAction\",\"target\":{\"@type\":\"EntryPoint\",\"urlTemplate\":\"https:\\\/\\\/lesclandestines.cat\\\/es\\\/?s={search_term_string}\"},\"query-input\":{\"@type\":\"PropertyValueSpecification\",\"valueRequired\":true,\"valueName\":\"search_term_string\"}}],\"inLanguage\":\"es\"}]}<\/script>\n<!-- \/ Yoast SEO plugin. -->","yoast_head_json":{"title":"4 ll\u00fapols (caixa de 12 ampolles) - Les Clandestines de Montferri","robots":{"index":"index","follow":"follow","max-snippet":"max-snippet:-1","max-image-preview":"max-image-preview:large","max-video-preview":"max-video-preview:-1"},"canonical":"https:\/\/lesclandestines.cat\/es\/product\/4-llupols-caixa-de-12-ampolles\/","og_locale":"es_ES","og_type":"article","og_title":"4 ll\u00fapols (caixa de 12 ampolles) - Les Clandestines de Montferri","og_description":"AMERICAN PALE ALE Si ets un amant del ll\u00fapol, no te la perdis! APA Una American Pale Ale, lleugera i afruitada, on hi destaquen els aromes i gustos de fruita c\u00edtrica i tropical provinents dels ll\u00fapols utilitzats: Cascade, Simcoe, Mosaic i Citra; sense deixar de banda el perfil del malt. Alc. 5 % \/\/ Ebu 35\/\/ Srm 6 Malta: pale ale, munich, caramalt, blat. Ll\u00fapols: Cascade, Citra, Mosaic i Simcoe Servir entre 8\u00ba i 12\u00baC Caixa de 12 ampolles de 33 cl. Per comandes fora de Catalunya consulteu tarifes per correu electr\u00f2nic. Les comandes son enviades tots els dimecres i s\u2019entreguen en 48h.","og_url":"https:\/\/lesclandestines.cat\/es\/product\/4-llupols-caixa-de-12-ampolles\/","og_site_name":"Les Clandestines de Montferri","article_modified_time":"2025-11-17T10:10:57+00:00","og_image":[{"width":1707,"height":2560,"url":"https:\/\/lesclandestines.cat\/wp-content\/uploads\/2025\/01\/4_Llupols_33cl-scaled.jpg","type":"image\/jpeg"}],"twitter_card":"summary_large_image","twitter_misc":{"Tiempo de lectura":"1 minuto"},"schema":{"@context":"https:\/\/schema.org","@graph":[{"@type":"WebPage","@id":"https:\/\/lesclandestines.cat\/es\/product\/4-llupols-caixa-de-12-ampolles\/","url":"https:\/\/lesclandestines.cat\/es\/product\/4-llupols-caixa-de-12-ampolles\/","name":"4 ll\u00fapols (caixa de 12 ampolles) - Les Clandestines de Montferri","isPartOf":{"@id":"https:\/\/lesclandestines.cat\/es\/#website"},"primaryImageOfPage":{"@id":"https:\/\/lesclandestines.cat\/es\/product\/4-llupols-caixa-de-12-ampolles\/#primaryimage"},"image":{"@id":"https:\/\/lesclandestines.cat\/es\/product\/4-llupols-caixa-de-12-ampolles\/#primaryimage"},"thumbnailUrl":"https:\/\/lesclandestines.cat\/wp-content\/uploads\/2025\/01\/4_Llupols_33cl-scaled.jpg","datePublished":"2025-01-16T17:43:43+00:00","dateModified":"2025-11-17T10:10:57+00:00","breadcrumb":{"@id":"https:\/\/lesclandestines.cat\/es\/product\/4-llupols-caixa-de-12-ampolles\/#breadcrumb"},"inLanguage":"es","potentialAction":[{"@type":"ReadAction","target":["https:\/\/lesclandestines.cat\/es\/product\/4-llupols-caixa-de-12-ampolles\/"]}]},{"@type":"ImageObject","inLanguage":"es","@id":"https:\/\/lesclandestines.cat\/es\/product\/4-llupols-caixa-de-12-ampolles\/#primaryimage","url":"https:\/\/lesclandestines.cat\/wp-content\/uploads\/2025\/01\/4_Llupols_33cl-scaled.jpg","contentUrl":"https:\/\/lesclandestines.cat\/wp-content\/uploads\/2025\/01\/4_Llupols_33cl-scaled.jpg","width":1707,"height":2560},{"@type":"BreadcrumbList","@id":"https:\/\/lesclandestines.cat\/es\/product\/4-llupols-caixa-de-12-ampolles\/#breadcrumb","itemListElement":[{"@type":"ListItem","position":1,"name":"Home","item":"https:\/\/lesclandestines.cat\/es\/"},{"@type":"ListItem","position":2,"name":"Tienda","item":"https:\/\/lesclandestines.cat\/botiga\/"},{"@type":"ListItem","position":3,"name":"4 ll\u00fapols (caixa de 12 ampolles)"}]},{"@type":"WebSite","@id":"https:\/\/lesclandestines.cat\/es\/#website","url":"https:\/\/lesclandestines.cat\/es\/","name":"Les Clandestines de Montferri","description":"","potentialAction":[{"@type":"SearchAction","target":{"@type":"EntryPoint","urlTemplate":"https:\/\/lesclandestines.cat\/es\/?s={search_term_string}"},"query-input":{"@type":"PropertyValueSpecification","valueRequired":true,"valueName":"search_term_string"}}],"inLanguage":"es"}]}},"_links":{"self":[{"href":"https:\/\/lesclandestines.cat\/es\/wp-json\/wp\/v2\/product\/21656","targetHints":{"allow":["GET"]}}],"collection":[{"href":"https:\/\/lesclandestines.cat\/es\/wp-json\/wp\/v2\/product"}],"about":[{"href":"https:\/\/lesclandestines.cat\/es\/wp-json\/wp\/v2\/types\/product"}],"replies":[{"embeddable":true,"href":"https:\/\/lesclandestines.cat\/es\/wp-json\/wp\/v2\/comments?post=21656"}],"wp:featuredmedia":[{"embeddable":true,"href":"https:\/\/lesclandestines.cat\/es\/wp-json\/wp\/v2\/media\/21723"}],"wp:attachment":[{"href":"https:\/\/lesclandestines.cat\/es\/wp-json\/wp\/v2\/media?parent=21656"}],"wp:term":[{"taxonomy":"product_brand","embeddable":true,"href":"https:\/\/lesclandestines.cat\/es\/wp-json\/wp\/v2\/product_brand?post=21656"},{"taxonomy":"product_cat","embeddable":true,"href":"https:\/\/lesclandestines.cat\/es\/wp-json\/wp\/v2\/product_cat?post=21656"},{"taxonomy":"product_tag","embeddable":true,"href":"https:\/\/lesclandestines.cat\/es\/wp-json\/wp\/v2\/product_tag?post=21656"}],"curies":[{"name":"wp","href":"https:\/\/api.w.org\/{rel}","templated":true}]}}