{"id":22021,"date":"2025-11-07T12:41:54","date_gmt":"2025-11-07T10:41:54","guid":{"rendered":"https:\/\/lesclandestines.cat\/?post_type=product&#038;p=22021"},"modified":"2025-11-11T14:19:40","modified_gmt":"2025-11-11T12:19:40","slug":"tokiski-caixa-de-12-ampolles-copia","status":"publish","type":"product","link":"https:\/\/lesclandestines.cat\/es\/product\/tokiski-caixa-de-12-ampolles-copia\/","title":{"rendered":"tokiski (caixa de 12 ampolles)"},"content":{"rendered":"","protected":false},"excerpt":{"rendered":"<h4>TOKISKI<\/h4>\n<p>Pils. Cervesa elaborada amb col.laboraci\u00f3 de la Font del Diable. Elaborada amb doble deccoci\u00f3 per donar un toc al cereal i equilibra amb el ll\u00fapol, donant notes a pa i mel. Cervesa com indica el seu nom per tots els p\u00fablics.<\/p>\n<blockquote><p>Alc. 5 % \/\/ Ebu 19\/\/ Srm 6<br \/>\nServir entre 4\u00ba i 8\u00baC<\/p><\/blockquote>\n<p><strong>Caixa de 12 ampolles de 33 cl.<\/strong><br \/>\n<strong>Per comandes fora de Catalunya consulteu tarifes per correu electr\u00f2nic.<\/strong><br \/>\n<strong>Les comandes son enviades tots els dimecres i s\u2019entreguen en 48h.<\/strong><\/p>\n","protected":false},"featured_media":22013,"comment_status":"closed","ping_status":"closed","template":"","meta":{"_et_pb_use_builder":"","_et_pb_old_content":"","_et_gb_content_width":""},"product_brand":[],"product_cat":[28],"product_tag":[],"class_list":{"0":"post-22021","1":"product","2":"type-product","3":"status-publish","4":"has-post-thumbnail","6":"product_cat-cerveses","8":"first","9":"instock","10":"taxable","11":"shipping-taxable","12":"purchasable","13":"product-type-simple"},"yoast_head":"<!-- This site is optimized with the Yoast SEO plugin v27.5 - https:\/\/yoast.com\/product\/yoast-seo-wordpress\/ -->\n<title>tokiski (caixa de 12 ampolles) - Les Clandestines de Montferri<\/title>\n<meta name=\"robots\" content=\"index, follow, max-snippet:-1, max-image-preview:large, max-video-preview:-1\" \/>\n<link rel=\"canonical\" href=\"https:\/\/lesclandestines.cat\/es\/product\/tokiski-caixa-de-12-ampolles-copia\/\" \/>\n<meta property=\"og:locale\" content=\"es_ES\" \/>\n<meta property=\"og:type\" content=\"article\" \/>\n<meta property=\"og:title\" content=\"tokiski (caixa de 12 ampolles) - Les Clandestines de Montferri\" \/>\n<meta property=\"og:description\" content=\"TOKISKI Pils. Cervesa elaborada amb col.laboraci\u00f3 de la Font del Diable. Elaborada amb doble deccoci\u00f3 per donar un toc al cereal i equilibra amb el ll\u00fapol, donant notes a pa i mel. Cervesa com indica el seu nom per tots els p\u00fablics. Alc. 5 % \/\/ Ebu 19\/\/ Srm 6 Servir entre 4\u00ba i 8\u00baC Caixa de 12 ampolles de 33 cl. Per comandes fora de Catalunya consulteu tarifes per correu electr\u00f2nic. Les comandes son enviades tots els dimecres i s\u2019entreguen en 48h.\" \/>\n<meta property=\"og:url\" content=\"https:\/\/lesclandestines.cat\/es\/product\/tokiski-caixa-de-12-ampolles-copia\/\" \/>\n<meta property=\"og:site_name\" content=\"Les Clandestines de Montferri\" \/>\n<meta property=\"article:modified_time\" content=\"2025-11-11T12:19:40+00:00\" \/>\n<meta property=\"og:image\" content=\"https:\/\/lesclandestines.cat\/wp-content\/uploads\/2025\/11\/Tokiski-33cl-683x1024.jpg\" \/>\n\t<meta property=\"og:image:width\" content=\"683\" \/>\n\t<meta property=\"og:image:height\" content=\"1024\" \/>\n\t<meta property=\"og:image:type\" content=\"image\/jpeg\" \/>\n<meta name=\"twitter:card\" content=\"summary_large_image\" \/>\n<meta name=\"twitter:label1\" content=\"Tiempo de lectura\" \/>\n\t<meta name=\"twitter:data1\" content=\"1 minuto\" \/>\n<script type=\"application\/ld+json\" class=\"yoast-schema-graph\">{\"@context\":\"https:\\\/\\\/schema.org\",\"@graph\":[{\"@type\":\"WebPage\",\"@id\":\"https:\\\/\\\/lesclandestines.cat\\\/es\\\/product\\\/tokiski-caixa-de-12-ampolles-copia\\\/\",\"url\":\"https:\\\/\\\/lesclandestines.cat\\\/es\\\/product\\\/tokiski-caixa-de-12-ampolles-copia\\\/\",\"name\":\"tokiski (caixa de 12 ampolles) - Les Clandestines de Montferri\",\"isPartOf\":{\"@id\":\"https:\\\/\\\/lesclandestines.cat\\\/es\\\/#website\"},\"primaryImageOfPage\":{\"@id\":\"https:\\\/\\\/lesclandestines.cat\\\/es\\\/product\\\/tokiski-caixa-de-12-ampolles-copia\\\/#primaryimage\"},\"image\":{\"@id\":\"https:\\\/\\\/lesclandestines.cat\\\/es\\\/product\\\/tokiski-caixa-de-12-ampolles-copia\\\/#primaryimage\"},\"thumbnailUrl\":\"https:\\\/\\\/lesclandestines.cat\\\/wp-content\\\/uploads\\\/2025\\\/11\\\/Tokiski-33cl.jpg\",\"datePublished\":\"2025-11-07T10:41:54+00:00\",\"dateModified\":\"2025-11-11T12:19:40+00:00\",\"breadcrumb\":{\"@id\":\"https:\\\/\\\/lesclandestines.cat\\\/es\\\/product\\\/tokiski-caixa-de-12-ampolles-copia\\\/#breadcrumb\"},\"inLanguage\":\"es\",\"potentialAction\":[{\"@type\":\"ReadAction\",\"target\":[\"https:\\\/\\\/lesclandestines.cat\\\/es\\\/product\\\/tokiski-caixa-de-12-ampolles-copia\\\/\"]}]},{\"@type\":\"ImageObject\",\"inLanguage\":\"es\",\"@id\":\"https:\\\/\\\/lesclandestines.cat\\\/es\\\/product\\\/tokiski-caixa-de-12-ampolles-copia\\\/#primaryimage\",\"url\":\"https:\\\/\\\/lesclandestines.cat\\\/wp-content\\\/uploads\\\/2025\\\/11\\\/Tokiski-33cl.jpg\",\"contentUrl\":\"https:\\\/\\\/lesclandestines.cat\\\/wp-content\\\/uploads\\\/2025\\\/11\\\/Tokiski-33cl.jpg\",\"width\":5304,\"height\":7952},{\"@type\":\"BreadcrumbList\",\"@id\":\"https:\\\/\\\/lesclandestines.cat\\\/es\\\/product\\\/tokiski-caixa-de-12-ampolles-copia\\\/#breadcrumb\",\"itemListElement\":[{\"@type\":\"ListItem\",\"position\":1,\"name\":\"Home\",\"item\":\"https:\\\/\\\/lesclandestines.cat\\\/es\\\/\"},{\"@type\":\"ListItem\",\"position\":2,\"name\":\"Tienda\",\"item\":\"https:\\\/\\\/lesclandestines.cat\\\/botiga\\\/\"},{\"@type\":\"ListItem\",\"position\":3,\"name\":\"tokiski (caixa de 12 ampolles)\"}]},{\"@type\":\"WebSite\",\"@id\":\"https:\\\/\\\/lesclandestines.cat\\\/es\\\/#website\",\"url\":\"https:\\\/\\\/lesclandestines.cat\\\/es\\\/\",\"name\":\"Les Clandestines de Montferri\",\"description\":\"\",\"potentialAction\":[{\"@type\":\"SearchAction\",\"target\":{\"@type\":\"EntryPoint\",\"urlTemplate\":\"https:\\\/\\\/lesclandestines.cat\\\/es\\\/?s={search_term_string}\"},\"query-input\":{\"@type\":\"PropertyValueSpecification\",\"valueRequired\":true,\"valueName\":\"search_term_string\"}}],\"inLanguage\":\"es\"}]}<\/script>\n<!-- \/ Yoast SEO plugin. -->","yoast_head_json":{"title":"tokiski (caixa de 12 ampolles) - Les Clandestines de Montferri","robots":{"index":"index","follow":"follow","max-snippet":"max-snippet:-1","max-image-preview":"max-image-preview:large","max-video-preview":"max-video-preview:-1"},"canonical":"https:\/\/lesclandestines.cat\/es\/product\/tokiski-caixa-de-12-ampolles-copia\/","og_locale":"es_ES","og_type":"article","og_title":"tokiski (caixa de 12 ampolles) - Les Clandestines de Montferri","og_description":"TOKISKI Pils. Cervesa elaborada amb col.laboraci\u00f3 de la Font del Diable. Elaborada amb doble deccoci\u00f3 per donar un toc al cereal i equilibra amb el ll\u00fapol, donant notes a pa i mel. Cervesa com indica el seu nom per tots els p\u00fablics. Alc. 5 % \/\/ Ebu 19\/\/ Srm 6 Servir entre 4\u00ba i 8\u00baC Caixa de 12 ampolles de 33 cl. Per comandes fora de Catalunya consulteu tarifes per correu electr\u00f2nic. Les comandes son enviades tots els dimecres i s\u2019entreguen en 48h.","og_url":"https:\/\/lesclandestines.cat\/es\/product\/tokiski-caixa-de-12-ampolles-copia\/","og_site_name":"Les Clandestines de Montferri","article_modified_time":"2025-11-11T12:19:40+00:00","og_image":[{"width":683,"height":1024,"url":"https:\/\/lesclandestines.cat\/wp-content\/uploads\/2025\/11\/Tokiski-33cl-683x1024.jpg","type":"image\/jpeg"}],"twitter_card":"summary_large_image","twitter_misc":{"Tiempo de lectura":"1 minuto"},"schema":{"@context":"https:\/\/schema.org","@graph":[{"@type":"WebPage","@id":"https:\/\/lesclandestines.cat\/es\/product\/tokiski-caixa-de-12-ampolles-copia\/","url":"https:\/\/lesclandestines.cat\/es\/product\/tokiski-caixa-de-12-ampolles-copia\/","name":"tokiski (caixa de 12 ampolles) - Les Clandestines de Montferri","isPartOf":{"@id":"https:\/\/lesclandestines.cat\/es\/#website"},"primaryImageOfPage":{"@id":"https:\/\/lesclandestines.cat\/es\/product\/tokiski-caixa-de-12-ampolles-copia\/#primaryimage"},"image":{"@id":"https:\/\/lesclandestines.cat\/es\/product\/tokiski-caixa-de-12-ampolles-copia\/#primaryimage"},"thumbnailUrl":"https:\/\/lesclandestines.cat\/wp-content\/uploads\/2025\/11\/Tokiski-33cl.jpg","datePublished":"2025-11-07T10:41:54+00:00","dateModified":"2025-11-11T12:19:40+00:00","breadcrumb":{"@id":"https:\/\/lesclandestines.cat\/es\/product\/tokiski-caixa-de-12-ampolles-copia\/#breadcrumb"},"inLanguage":"es","potentialAction":[{"@type":"ReadAction","target":["https:\/\/lesclandestines.cat\/es\/product\/tokiski-caixa-de-12-ampolles-copia\/"]}]},{"@type":"ImageObject","inLanguage":"es","@id":"https:\/\/lesclandestines.cat\/es\/product\/tokiski-caixa-de-12-ampolles-copia\/#primaryimage","url":"https:\/\/lesclandestines.cat\/wp-content\/uploads\/2025\/11\/Tokiski-33cl.jpg","contentUrl":"https:\/\/lesclandestines.cat\/wp-content\/uploads\/2025\/11\/Tokiski-33cl.jpg","width":5304,"height":7952},{"@type":"BreadcrumbList","@id":"https:\/\/lesclandestines.cat\/es\/product\/tokiski-caixa-de-12-ampolles-copia\/#breadcrumb","itemListElement":[{"@type":"ListItem","position":1,"name":"Home","item":"https:\/\/lesclandestines.cat\/es\/"},{"@type":"ListItem","position":2,"name":"Tienda","item":"https:\/\/lesclandestines.cat\/botiga\/"},{"@type":"ListItem","position":3,"name":"tokiski (caixa de 12 ampolles)"}]},{"@type":"WebSite","@id":"https:\/\/lesclandestines.cat\/es\/#website","url":"https:\/\/lesclandestines.cat\/es\/","name":"Les Clandestines de Montferri","description":"","potentialAction":[{"@type":"SearchAction","target":{"@type":"EntryPoint","urlTemplate":"https:\/\/lesclandestines.cat\/es\/?s={search_term_string}"},"query-input":{"@type":"PropertyValueSpecification","valueRequired":true,"valueName":"search_term_string"}}],"inLanguage":"es"}]}},"_links":{"self":[{"href":"https:\/\/lesclandestines.cat\/es\/wp-json\/wp\/v2\/product\/22021","targetHints":{"allow":["GET"]}}],"collection":[{"href":"https:\/\/lesclandestines.cat\/es\/wp-json\/wp\/v2\/product"}],"about":[{"href":"https:\/\/lesclandestines.cat\/es\/wp-json\/wp\/v2\/types\/product"}],"replies":[{"embeddable":true,"href":"https:\/\/lesclandestines.cat\/es\/wp-json\/wp\/v2\/comments?post=22021"}],"wp:featuredmedia":[{"embeddable":true,"href":"https:\/\/lesclandestines.cat\/es\/wp-json\/wp\/v2\/media\/22013"}],"wp:attachment":[{"href":"https:\/\/lesclandestines.cat\/es\/wp-json\/wp\/v2\/media?parent=22021"}],"wp:term":[{"taxonomy":"product_brand","embeddable":true,"href":"https:\/\/lesclandestines.cat\/es\/wp-json\/wp\/v2\/product_brand?post=22021"},{"taxonomy":"product_cat","embeddable":true,"href":"https:\/\/lesclandestines.cat\/es\/wp-json\/wp\/v2\/product_cat?post=22021"},{"taxonomy":"product_tag","embeddable":true,"href":"https:\/\/lesclandestines.cat\/es\/wp-json\/wp\/v2\/product_tag?post=22021"}],"curies":[{"name":"wp","href":"https:\/\/api.w.org\/{rel}","templated":true}]}}