{"id":7376,"date":"2024-12-05T19:47:54","date_gmt":"2024-12-05T17:47:54","guid":{"rendered":"https:\/\/lesclandestines.libredo.com\/?post_type=product&#038;p=7376"},"modified":"2026-04-24T17:18:09","modified_gmt":"2026-04-24T15:18:09","slug":"gaianada-1921-caixa-de-12-ampolles","status":"publish","type":"product","link":"https:\/\/lesclandestines.cat\/es\/product\/gaianada-1921-caixa-de-12-ampolles\/","title":{"rendered":"gaianada 1921 (caixa de 12 ampolles)"},"content":{"rendered":"","protected":false},"excerpt":{"rendered":"<h4>INDIAN PALE ALE<\/h4>\n<p>Una cervesa captivadora i potent com una riuada!<br \/>\nAmb un car\u00e0cter inconfusible, aquesta IPA \u00e9s la primera de la nostra fam\u00edlia llupolada i \u00e9s un homenatge al nostre riu i les seves riuades: el Gai\u00e0 i les Gaianades!<br \/>\nEns ofereix un ventall d\u2019aromes i sabors que no et deixaran indiferent; amb notes #lorals, c\u00edtriques, de fruites ex\u00f2tiques i tropicals provinents de la selecci\u00f3 dels ll\u00fapols emprats.<\/p>\n<blockquote><p>Alc. 7,5 % \/\/ Ebu 45\/\/ Srm 7<br \/>\nMalta: pale ale maris otter.<br \/>\nLl\u00fapols: Magnum. cascade, citra, simcoe.<br \/>\nServir entre 8\u00ba i 12\u00baC<\/p><\/blockquote>\n<p><strong>Caixa de 12 ampolles de 33 cl.<\/strong><br \/>\n<strong>Per comandes fora de Catalunya consulteu tarifes per correu electr\u00f2nic.<\/strong><br \/>\n<strong>Les comandes son enviades tots els dimecres i s\u2019entreguen en 48h.<\/strong><\/p>\n","protected":false},"featured_media":21725,"comment_status":"closed","ping_status":"closed","template":"","meta":{"_et_pb_use_builder":"","_et_pb_old_content":"","_et_gb_content_width":""},"product_brand":[],"product_cat":[28],"product_tag":[],"class_list":{"0":"post-7376","1":"product","2":"type-product","3":"status-publish","4":"has-post-thumbnail","6":"product_cat-cerveses","8":"first","9":"instock","10":"taxable","11":"shipping-taxable","12":"purchasable","13":"product-type-simple"},"yoast_head":"<!-- This site is optimized with the Yoast SEO plugin v27.5 - https:\/\/yoast.com\/product\/yoast-seo-wordpress\/ -->\n<title>gaianada 1921 (caixa de 12 ampolles) - Les Clandestines de Montferri<\/title>\n<meta name=\"robots\" content=\"index, follow, max-snippet:-1, max-image-preview:large, max-video-preview:-1\" \/>\n<link rel=\"canonical\" href=\"https:\/\/lesclandestines.cat\/es\/product\/gaianada-1921-caixa-de-12-ampolles\/\" \/>\n<meta property=\"og:locale\" content=\"es_ES\" \/>\n<meta property=\"og:type\" content=\"article\" \/>\n<meta property=\"og:title\" content=\"gaianada 1921 (caixa de 12 ampolles) - Les Clandestines de Montferri\" \/>\n<meta property=\"og:description\" content=\"INDIAN PALE ALE Una cervesa captivadora i potent com una riuada! Amb un car\u00e0cter inconfusible, aquesta IPA \u00e9s la primera de la nostra fam\u00edlia llupolada i \u00e9s un homenatge al nostre riu i les seves riuades: el Gai\u00e0 i les Gaianades! Ens ofereix un ventall d\u2019aromes i sabors que no et deixaran indiferent; amb notes #lorals, c\u00edtriques, de fruites ex\u00f2tiques i tropicals provinents de la selecci\u00f3 dels ll\u00fapols emprats. Alc. 7,5 % \/\/ Ebu 45\/\/ Srm 7 Malta: pale ale maris otter. Ll\u00fapols: Magnum. cascade, citra, simcoe. Servir entre 8\u00ba i 12\u00baC Caixa de 12 ampolles de 33 cl. Per comandes fora de Catalunya consulteu tarifes per correu electr\u00f2nic. Les comandes son enviades tots els dimecres i s\u2019entreguen en 48h.\" \/>\n<meta property=\"og:url\" content=\"https:\/\/lesclandestines.cat\/es\/product\/gaianada-1921-caixa-de-12-ampolles\/\" \/>\n<meta property=\"og:site_name\" content=\"Les Clandestines de Montferri\" \/>\n<meta property=\"article:modified_time\" content=\"2026-04-24T15:18:09+00:00\" \/>\n<meta property=\"og:image\" content=\"https:\/\/lesclandestines.cat\/wp-content\/uploads\/2024\/12\/1921_Gaianada_33cl-scaled.jpg\" \/>\n\t<meta property=\"og:image:width\" content=\"1707\" \/>\n\t<meta property=\"og:image:height\" content=\"2560\" \/>\n\t<meta property=\"og:image:type\" content=\"image\/jpeg\" \/>\n<meta name=\"twitter:card\" content=\"summary_large_image\" \/>\n<meta name=\"twitter:label1\" content=\"Tiempo de lectura\" \/>\n\t<meta name=\"twitter:data1\" content=\"1 minuto\" \/>\n<script type=\"application\/ld+json\" class=\"yoast-schema-graph\">{\"@context\":\"https:\\\/\\\/schema.org\",\"@graph\":[{\"@type\":\"WebPage\",\"@id\":\"https:\\\/\\\/lesclandestines.cat\\\/es\\\/product\\\/gaianada-1921-caixa-de-12-ampolles\\\/\",\"url\":\"https:\\\/\\\/lesclandestines.cat\\\/es\\\/product\\\/gaianada-1921-caixa-de-12-ampolles\\\/\",\"name\":\"gaianada 1921 (caixa de 12 ampolles) - Les Clandestines de Montferri\",\"isPartOf\":{\"@id\":\"https:\\\/\\\/lesclandestines.cat\\\/es\\\/#website\"},\"primaryImageOfPage\":{\"@id\":\"https:\\\/\\\/lesclandestines.cat\\\/es\\\/product\\\/gaianada-1921-caixa-de-12-ampolles\\\/#primaryimage\"},\"image\":{\"@id\":\"https:\\\/\\\/lesclandestines.cat\\\/es\\\/product\\\/gaianada-1921-caixa-de-12-ampolles\\\/#primaryimage\"},\"thumbnailUrl\":\"https:\\\/\\\/lesclandestines.cat\\\/wp-content\\\/uploads\\\/2024\\\/12\\\/1921_Gaianada_33cl-scaled.jpg\",\"datePublished\":\"2024-12-05T17:47:54+00:00\",\"dateModified\":\"2026-04-24T15:18:09+00:00\",\"breadcrumb\":{\"@id\":\"https:\\\/\\\/lesclandestines.cat\\\/es\\\/product\\\/gaianada-1921-caixa-de-12-ampolles\\\/#breadcrumb\"},\"inLanguage\":\"es\",\"potentialAction\":[{\"@type\":\"ReadAction\",\"target\":[\"https:\\\/\\\/lesclandestines.cat\\\/es\\\/product\\\/gaianada-1921-caixa-de-12-ampolles\\\/\"]}]},{\"@type\":\"ImageObject\",\"inLanguage\":\"es\",\"@id\":\"https:\\\/\\\/lesclandestines.cat\\\/es\\\/product\\\/gaianada-1921-caixa-de-12-ampolles\\\/#primaryimage\",\"url\":\"https:\\\/\\\/lesclandestines.cat\\\/wp-content\\\/uploads\\\/2024\\\/12\\\/1921_Gaianada_33cl-scaled.jpg\",\"contentUrl\":\"https:\\\/\\\/lesclandestines.cat\\\/wp-content\\\/uploads\\\/2024\\\/12\\\/1921_Gaianada_33cl-scaled.jpg\",\"width\":1707,\"height\":2560},{\"@type\":\"BreadcrumbList\",\"@id\":\"https:\\\/\\\/lesclandestines.cat\\\/es\\\/product\\\/gaianada-1921-caixa-de-12-ampolles\\\/#breadcrumb\",\"itemListElement\":[{\"@type\":\"ListItem\",\"position\":1,\"name\":\"Home\",\"item\":\"https:\\\/\\\/lesclandestines.cat\\\/es\\\/\"},{\"@type\":\"ListItem\",\"position\":2,\"name\":\"Tienda\",\"item\":\"https:\\\/\\\/lesclandestines.cat\\\/botiga\\\/\"},{\"@type\":\"ListItem\",\"position\":3,\"name\":\"gaianada 1921 (caixa de 12 ampolles)\"}]},{\"@type\":\"WebSite\",\"@id\":\"https:\\\/\\\/lesclandestines.cat\\\/es\\\/#website\",\"url\":\"https:\\\/\\\/lesclandestines.cat\\\/es\\\/\",\"name\":\"Les Clandestines de Montferri\",\"description\":\"\",\"potentialAction\":[{\"@type\":\"SearchAction\",\"target\":{\"@type\":\"EntryPoint\",\"urlTemplate\":\"https:\\\/\\\/lesclandestines.cat\\\/es\\\/?s={search_term_string}\"},\"query-input\":{\"@type\":\"PropertyValueSpecification\",\"valueRequired\":true,\"valueName\":\"search_term_string\"}}],\"inLanguage\":\"es\"}]}<\/script>\n<!-- \/ Yoast SEO plugin. -->","yoast_head_json":{"title":"gaianada 1921 (caixa de 12 ampolles) - Les Clandestines de Montferri","robots":{"index":"index","follow":"follow","max-snippet":"max-snippet:-1","max-image-preview":"max-image-preview:large","max-video-preview":"max-video-preview:-1"},"canonical":"https:\/\/lesclandestines.cat\/es\/product\/gaianada-1921-caixa-de-12-ampolles\/","og_locale":"es_ES","og_type":"article","og_title":"gaianada 1921 (caixa de 12 ampolles) - Les Clandestines de Montferri","og_description":"INDIAN PALE ALE Una cervesa captivadora i potent com una riuada! Amb un car\u00e0cter inconfusible, aquesta IPA \u00e9s la primera de la nostra fam\u00edlia llupolada i \u00e9s un homenatge al nostre riu i les seves riuades: el Gai\u00e0 i les Gaianades! Ens ofereix un ventall d\u2019aromes i sabors que no et deixaran indiferent; amb notes #lorals, c\u00edtriques, de fruites ex\u00f2tiques i tropicals provinents de la selecci\u00f3 dels ll\u00fapols emprats. Alc. 7,5 % \/\/ Ebu 45\/\/ Srm 7 Malta: pale ale maris otter. Ll\u00fapols: Magnum. cascade, citra, simcoe. Servir entre 8\u00ba i 12\u00baC Caixa de 12 ampolles de 33 cl. Per comandes fora de Catalunya consulteu tarifes per correu electr\u00f2nic. Les comandes son enviades tots els dimecres i s\u2019entreguen en 48h.","og_url":"https:\/\/lesclandestines.cat\/es\/product\/gaianada-1921-caixa-de-12-ampolles\/","og_site_name":"Les Clandestines de Montferri","article_modified_time":"2026-04-24T15:18:09+00:00","og_image":[{"width":1707,"height":2560,"url":"https:\/\/lesclandestines.cat\/wp-content\/uploads\/2024\/12\/1921_Gaianada_33cl-scaled.jpg","type":"image\/jpeg"}],"twitter_card":"summary_large_image","twitter_misc":{"Tiempo de lectura":"1 minuto"},"schema":{"@context":"https:\/\/schema.org","@graph":[{"@type":"WebPage","@id":"https:\/\/lesclandestines.cat\/es\/product\/gaianada-1921-caixa-de-12-ampolles\/","url":"https:\/\/lesclandestines.cat\/es\/product\/gaianada-1921-caixa-de-12-ampolles\/","name":"gaianada 1921 (caixa de 12 ampolles) - Les Clandestines de Montferri","isPartOf":{"@id":"https:\/\/lesclandestines.cat\/es\/#website"},"primaryImageOfPage":{"@id":"https:\/\/lesclandestines.cat\/es\/product\/gaianada-1921-caixa-de-12-ampolles\/#primaryimage"},"image":{"@id":"https:\/\/lesclandestines.cat\/es\/product\/gaianada-1921-caixa-de-12-ampolles\/#primaryimage"},"thumbnailUrl":"https:\/\/lesclandestines.cat\/wp-content\/uploads\/2024\/12\/1921_Gaianada_33cl-scaled.jpg","datePublished":"2024-12-05T17:47:54+00:00","dateModified":"2026-04-24T15:18:09+00:00","breadcrumb":{"@id":"https:\/\/lesclandestines.cat\/es\/product\/gaianada-1921-caixa-de-12-ampolles\/#breadcrumb"},"inLanguage":"es","potentialAction":[{"@type":"ReadAction","target":["https:\/\/lesclandestines.cat\/es\/product\/gaianada-1921-caixa-de-12-ampolles\/"]}]},{"@type":"ImageObject","inLanguage":"es","@id":"https:\/\/lesclandestines.cat\/es\/product\/gaianada-1921-caixa-de-12-ampolles\/#primaryimage","url":"https:\/\/lesclandestines.cat\/wp-content\/uploads\/2024\/12\/1921_Gaianada_33cl-scaled.jpg","contentUrl":"https:\/\/lesclandestines.cat\/wp-content\/uploads\/2024\/12\/1921_Gaianada_33cl-scaled.jpg","width":1707,"height":2560},{"@type":"BreadcrumbList","@id":"https:\/\/lesclandestines.cat\/es\/product\/gaianada-1921-caixa-de-12-ampolles\/#breadcrumb","itemListElement":[{"@type":"ListItem","position":1,"name":"Home","item":"https:\/\/lesclandestines.cat\/es\/"},{"@type":"ListItem","position":2,"name":"Tienda","item":"https:\/\/lesclandestines.cat\/botiga\/"},{"@type":"ListItem","position":3,"name":"gaianada 1921 (caixa de 12 ampolles)"}]},{"@type":"WebSite","@id":"https:\/\/lesclandestines.cat\/es\/#website","url":"https:\/\/lesclandestines.cat\/es\/","name":"Les Clandestines de Montferri","description":"","potentialAction":[{"@type":"SearchAction","target":{"@type":"EntryPoint","urlTemplate":"https:\/\/lesclandestines.cat\/es\/?s={search_term_string}"},"query-input":{"@type":"PropertyValueSpecification","valueRequired":true,"valueName":"search_term_string"}}],"inLanguage":"es"}]}},"_links":{"self":[{"href":"https:\/\/lesclandestines.cat\/es\/wp-json\/wp\/v2\/product\/7376","targetHints":{"allow":["GET"]}}],"collection":[{"href":"https:\/\/lesclandestines.cat\/es\/wp-json\/wp\/v2\/product"}],"about":[{"href":"https:\/\/lesclandestines.cat\/es\/wp-json\/wp\/v2\/types\/product"}],"replies":[{"embeddable":true,"href":"https:\/\/lesclandestines.cat\/es\/wp-json\/wp\/v2\/comments?post=7376"}],"wp:featuredmedia":[{"embeddable":true,"href":"https:\/\/lesclandestines.cat\/es\/wp-json\/wp\/v2\/media\/21725"}],"wp:attachment":[{"href":"https:\/\/lesclandestines.cat\/es\/wp-json\/wp\/v2\/media?parent=7376"}],"wp:term":[{"taxonomy":"product_brand","embeddable":true,"href":"https:\/\/lesclandestines.cat\/es\/wp-json\/wp\/v2\/product_brand?post=7376"},{"taxonomy":"product_cat","embeddable":true,"href":"https:\/\/lesclandestines.cat\/es\/wp-json\/wp\/v2\/product_cat?post=7376"},{"taxonomy":"product_tag","embeddable":true,"href":"https:\/\/lesclandestines.cat\/es\/wp-json\/wp\/v2\/product_tag?post=7376"}],"curies":[{"name":"wp","href":"https:\/\/api.w.org\/{rel}","templated":true}]}}